{"id":15047,"date":"2019-09-12T16:03:44","date_gmt":"2019-09-12T14:03:44","guid":{"rendered":"http:\/\/culturesconnection.com\/?page_id=15047"},"modified":"2022-11-21T15:25:27","modified_gmt":"2022-11-21T14:25:27","slug":"medizinische-uebersetzung","status":"publish","type":"page","link":"https:\/\/culturesconnection.com\/de\/medizinische-uebersetzung\/","title":{"rendered":"Unser medizinischer \u00dcbersetzungsservice"},"content":{"rendered":"\n<h2 class=\"wp-block-heading\">Medizinische \u00dcbersetzung: Pr\u00e4zision ist das A&amp;O<\/h2>\n\n\n\n<p>Medizinische Unterlagen er\u00f6rtern h\u00e4ufig fachspezifische Ideen, die mit pr\u00e4zisen und spezifischen Begriffen beschrieben werden. Diese Terminologie sollte unter allen Umst\u00e4nden beachtet werden. Dar\u00fcber hinaus <strong>baut eine medizinische \u00dcbersetzung h\u00e4ufig auf vielen weiteren verwandten Fachbereichen auf<\/strong>. Deshalb ist es notwendig qualifizierte und erfahrene Spezialisten zu finden, um Ihr Projekt zu bearbeiten. So wie Sie sich bei Herzproblemen an einen Kardiologen wenden w\u00fcrden, so macht es genauso Sinn mit einem \u00dcbersetzer zusammenzuarbeiten, der sich auf das Fachgebiet spezialisiert hat, das in Ihrem Dokument behandelt wird. Ihre \u00dcbersetzung nicht an einen Spezialisten anzuvertrauen w\u00e4re so, als wenn Sie zu einem Allgemeinmediziner gehen w\u00fcrden und ihn bitten bei Ihnen eine Herzoperation durchzuf\u00fchren. Da wir uns \u00fcber die Herausforderungen im Klaren sind, die eine medizinische \u00dcbersetzung mit sich bringt, k\u00fcmmern wir uns gerne darum einen professionellen Linguisten f\u00fcr Sie zu finden.<\/p>\n\n\n\n<h2 class=\"wp-block-heading\">Medizinische und pharmazeutische \u00dcbersetzung<\/h2>\n\n\n\n<p>Im Bereich der medizinischen und pharmazeutischen \u00dcbersetzung sind Fehler und Ungenauigkeiten ein absolutes No-Go. Denn sie k\u00f6nnten ernstzunehmende gesundheitliche Konsequenzen mit sich ziehen oder auch Folgen hinsichtlich ihrer Kosten und Glaubw\u00fcrdigkeit haben. Vertrauen Sie die \u00dcbersetzung Ihrer medizinischen Dokumente nicht irgendjemandem an! Ob es sich um eine <strong>medizinische Brosch\u00fcre handelt, ein Werk von allgemeinem Interesse, eine Packungsbeilage oder die Dosierung f\u00fcr ein neues Produkt<\/strong>, nur ein Spezialist kann diese Art von \u00dcbersetzung machen.<\/p>\n\n\n\n<h2 class=\"wp-block-heading\">Unser \u00dcbersetzungsb\u00fcro f\u00fcr medizinische Dokumente<\/h2>\n\n\n\n<p>Im Laufe der Jahre hat <a href=\"https:\/\/culturesconnection.com\/de\/\">Cultures Connection<\/a> gro\u00dfartige <a href=\"https:\/\/culturesconnection.com\/de\/uebersetzungsdienst\">\u00dcbersetzungsdienstleistungen<\/a> erbracht und mit einem umfangreichen Netzwerk professioneller medizinischer \u00dcbersetzer zusammengearbeitet. Unser Einstellungsprozess ist \u00e4u\u00dferst streng: \u00dcbersetzer werden auf der Basis ihrer Qualifikationen ausgew\u00e4hlt, ihrer Erfahrung, sowie ihrer sprachlichen und technischen F\u00e4higkeiten. Sie werden w\u00e4hrend ihrer gesamten Kollaboration mit unserem \u00dcbersetzungsb\u00fcro regelm\u00e4\u00dfig gepr\u00fcft, um Ihnen Dienstleistungen von h\u00f6chster Qualit\u00e4t zu bieten. Sie sind alle sehr <a href=\"https:\/\/culturesconnection.com\/de\/professioneller-uebersetzer\">gute Linguisten<\/a>, die ihre Arbeitssprachen \u00fcber die Jahre perfektionieren konnten. Sie kennen sich bestens mit allen Vorschriften aus in den L\u00e4ndern, die sie mit Ihren medizinischen und pharmazeutischen Dokumenten erreichen wollen.<\/p>\n\n\n\n<h2 class=\"wp-block-heading\">\u00dcbersetzung medizinischer Dokumente: Eine gro\u00dfe Auswahl<\/h2>\n\n\n\n<p>Hier ist eine nicht-ersch\u00f6pfende Liste von medizinischen \u00dcbersetzungen, mit denen wir t\u00e4glich zu tun haben:<\/p>\n\n\n\n<ul class=\"wp-block-list\"><li>Zeitschriften<\/li><li>Konferenzberichte<\/li><li>Publikationen<\/li><li>Projekte und Forschungsberichte<\/li><li>Studienergebnisse und Berichte \u00fcber neue Forschungen<\/li><li>Werke von allgemeinem Interesse<\/li><li>Testberichte<\/li><li>Brosch\u00fcren<\/li><li>Dosierungen f\u00fcr neue Produkte<\/li><li>Ergebnisse klinischer Studien<\/li><li>Pharmazeutische Vorschriften<\/li><li>Medizinische Berichte<\/li><\/ul>\n\n\n\n<p>Entdecken Sie die <a href=\"https:\/\/culturesconnection.com\/de\/whitepapers-und-broschueren\/\">Brosch\u00fcre von Cultures Connection<\/a>!<\/p>\n\n\n\n<h2 class=\"wp-block-heading\">Medizinische \u00dcbersetzungen in allen Sprachen<\/h2>\n\n\n\n<ul class=\"wp-block-list\"><li>Medizinische \u00dcbersetzung ins Franz\u00f6sische<\/li><li>Medizinische \u00dcbersetzung ins Spanische<\/li><li>Medizinische \u00dcbersetzung ins Deutsche<\/li><li>Medizinische \u00dcbersetzung ins Chinesische<\/li><li>Medizinische \u00dcbersetzung ins Arabische<\/li><li>Medizinische \u00dcbersetzung ins Portugiesische<\/li><li>Medizinische \u00dcbersetzung ins Italienische<\/li><li>Medizinische \u00dcbersetzung ins Niederl\u00e4ndische<\/li><li>Medizinische \u00dcbersetzung ins T\u00fcrkische<\/li><li>Medizinische \u00dcbersetzung ins Japanische<\/li><li>Medizinische \u00dcbersetzung ins Russische<\/li><\/ul>\n","protected":false},"excerpt":{"rendered":"<p>Medizinische \u00dcbersetzung: Pr\u00e4zision ist das A&amp;O Medizinische Unterlagen er\u00f6rtern h\u00e4ufig fachspezifische Ideen, die mit pr\u00e4zisen und spezifischen Begriffen beschrieben werden. Diese Terminologie sollte unter allen [&#8230;]<\/p>\n<p><a class=\"btn btn-secondary understrap-read-more-link\" href=\"https:\/\/culturesconnection.com\/de\/medizinische-uebersetzung\/\">Weiterlesen&#8230;<span class=\"screen-reader-text\"> from Unser medizinischer \u00dcbersetzungsservice<\/span><\/a><\/p>\n","protected":false},"author":22,"featured_media":25992,"parent":0,"menu_order":0,"comment_status":"closed","ping_status":"closed","template":"","meta":{"_acf_changed":false,"_editorskit_title_hidden":false,"_editorskit_reading_time":0,"_editorskit_is_block_options_detached":false,"_editorskit_block_options_position":"{}","footnotes":""},"class_list":["post-15047","page","type-page","status-publish","has-post-thumbnail","hentry"],"acf":[],"_links":{"self":[{"href":"https:\/\/culturesconnection.com\/de\/wp-json\/wp\/v2\/pages\/15047","targetHints":{"allow":["GET"]}}],"collection":[{"href":"https:\/\/culturesconnection.com\/de\/wp-json\/wp\/v2\/pages"}],"about":[{"href":"https:\/\/culturesconnection.com\/de\/wp-json\/wp\/v2\/types\/page"}],"author":[{"embeddable":true,"href":"https:\/\/culturesconnection.com\/de\/wp-json\/wp\/v2\/users\/22"}],"replies":[{"embeddable":true,"href":"https:\/\/culturesconnection.com\/de\/wp-json\/wp\/v2\/comments?post=15047"}],"version-history":[{"count":0,"href":"https:\/\/culturesconnection.com\/de\/wp-json\/wp\/v2\/pages\/15047\/revisions"}],"wp:featuredmedia":[{"embeddable":true,"href":"https:\/\/culturesconnection.com\/de\/wp-json\/wp\/v2\/media\/25992"}],"wp:attachment":[{"href":"https:\/\/culturesconnection.com\/de\/wp-json\/wp\/v2\/media?parent=15047"}],"curies":[{"name":"wp","href":"https:\/\/api.w.org\/{rel}","templated":true}]}}