{"id":15042,"date":"2019-09-12T15:51:11","date_gmt":"2019-09-12T13:51:11","guid":{"rendered":"http:\/\/culturesconnection.com\/?page_id=15042"},"modified":"2022-11-21T15:20:50","modified_gmt":"2022-11-21T14:20:50","slug":"finanzielle-uebersetzung","status":"publish","type":"page","link":"https:\/\/culturesconnection.com\/de\/finanzielle-uebersetzung\/","title":{"rendered":"Unser finanzieller \u00dcbersetzungsservice"},"content":{"rendered":"\n<h2 class=\"wp-block-heading\">Dienstleistungen in der Finanz\u00fcbersetzung: <br>Eine Frage der Genauigkeit<\/h2>\n\n\n\n<p>Finanz\u00fcbersetzungen erfordern die gr\u00fcndliche und genaue Kenntnis eines Themas, sowie flie\u00dfende Sprachf\u00e4higkeiten in der Fachterminologie. Von wesentlicher Bedeutung ist die Expertise von Fachleuten, die die Komplexit\u00e4t der Finanzdokumente verstehen. Fehler bei der \u00dcbersetzung der Analyse von Finanzinformationen k\u00f6nnen Leser verwirren und diese letztlich in ihrem Entscheidungsprozess beeinflussen. Unsere <a href=\"https:\/\/culturesconnection.com\/de\/\">\u00dcbersetzungsagentur<\/a> ist sich genauestens dar\u00fcber im Klaren, dass ungenaue \u00dcbersetzungen katastrophale Folgen haben k\u00f6nnen und w\u00e4hlt deshalb f\u00fcr Ihre Projekte professionelle \u00dcbersetzer aus, die sich auf Finanz\u00fcbersetzungen spezialisiert haben, diplomiert und erfahren sind. Cultures Connection leistet ausgezeichnete <a href=\"https:\/\/culturesconnection.com\/de\/uebersetzungsdienst\">\u00dcbersetzungsdienste<\/a> und garantiert Ihnen <strong>hochwertige und professionelle Finanz\u00fcbersetzungen<\/strong>.<\/p>\n\n\n\n<h2 class=\"wp-block-heading\">\u00dcbersetzung von Finanzdokumenten<\/h2>\n\n\n\n<p>Bilanzen und andere Abschl\u00fcsse. Kapitalflussberichte. Dokumente aus der Marktforschung und dem Risiko- und Asset-Management. Pr\u00fcfungsberichte, Checklisten zur Sorgfaltspflicht und Texte \u00fcber Fusionen und Akquisitionen.<\/p>\n\n\n\n<p>Finanzdokumente k\u00f6nnen sehr unterschiedlich sein, wie auch die enthaltene <strong>Finanzfachterminologie, welche speziell und knifflig sein kann<\/strong>. Der Bedarf an spezialisierten Fachkr\u00e4ften ist entscheidend um einen qualitativ hochwertigen Service zu bieten. Unser \u00dcbersetzungsunternehmen greift auf ein umfangreiches <a href=\"https:\/\/culturesconnection.com\/de\/professioneller-uebersetzer\">Netzwerk von professionellen \u00dcbersetzern<\/a> zur\u00fcck, die anhand ihrer Diplome und Erfahrung ausgew\u00e4hlt wurden.<\/p>\n\n\n\n<h2 class=\"wp-block-heading\">\u00dcbersetzung von Versicherungsdokumenten: <br>Eine verwandte Disziplin<\/h2>\n\n\n\n<p>Cultures Connection bietet spezialisierte \u00dcbersetzungsdienstleistungen f\u00fcr die Versicherungsbranche.&nbsp;Die Genauigkeit der \u00dcbersetzungen in diesem Bereich sind von entscheidender Bedeutung. Sie k\u00f6nnten nicht nur Ihre M\u00f6glichkeiten zum Neukundengewinn beeinflussen, sondern auch Ihren Versicherungsschutz. Fehlerhafte \u00dcbersetzungen der Dokumentation \u00fcber den Versicherungsschutz Ihrer Kunden k\u00f6nnte zu sehr hohen Verlusten f\u00fchren.&nbsp;Versicherungstexte sind insofern weitreichend, als dass sie nicht nur Bedingungen und Informationen \u00fcber Versicherungspolicen enthalten, sondern auch rechtliche, finanzielle und medizinische Informationen, sowie andere Daten, die oft sehr spezifisch sind.<\/p>\n\n\n\n<h2 class=\"wp-block-heading\">Finanz\u00fcbersetzung in allen Sprachen<\/h2>\n\n\n\n<ul class=\"wp-block-list\"><li>Finanz\u00fcbersetzung in Franz\u00f6sische<\/li><li>Finanz\u00fcbersetzung ins Spanische<\/li><li>Finanz\u00fcbersetzung ins Deutsche<\/li><li>Finanz\u00fcbersetzung ins Chinesische<\/li><li>Finanz\u00fcbersetzung ins Arabische<\/li><li>Finanz\u00fcbersetzung ins Portugiesische<\/li><li>Finanz\u00fcbersetzung ins Italienische<\/li><li>Finanz\u00fcbersetzung ins Niederl\u00e4ndische<\/li><li>Finanz\u00fcbersetzung ins T\u00fcrkische<\/li><li>Finanz\u00fcbersetzung ins Japanische<\/li><li>Finanz\u00fcbersetzung ins Russische<\/li><\/ul>\n\n\n\n<p><\/p>\n\n\n\n<p><\/p>\n\n\n\n<p>Entdecken Sie die <a href=\"https:\/\/culturesconnection.com\/de\/whitepapers-und-broschueren\/\">Brosch\u00fcre von Cultures Connection<\/a>!<\/p>\n","protected":false},"excerpt":{"rendered":"<p>Dienstleistungen in der Finanz\u00fcbersetzung: Eine Frage der Genauigkeit Finanz\u00fcbersetzungen erfordern die gr\u00fcndliche und genaue Kenntnis eines Themas, sowie flie\u00dfende Sprachf\u00e4higkeiten in der Fachterminologie. Von wesentlicher [&#8230;]<\/p>\n<p><a class=\"btn btn-secondary understrap-read-more-link\" href=\"https:\/\/culturesconnection.com\/de\/finanzielle-uebersetzung\/\">Weiterlesen&#8230;<span class=\"screen-reader-text\"> from Unser finanzieller \u00dcbersetzungsservice<\/span><\/a><\/p>\n","protected":false},"author":22,"featured_media":22965,"parent":0,"menu_order":0,"comment_status":"closed","ping_status":"closed","template":"","meta":{"_acf_changed":false,"_editorskit_title_hidden":false,"_editorskit_reading_time":1,"_editorskit_is_block_options_detached":false,"_editorskit_block_options_position":"{}","footnotes":""},"class_list":["post-15042","page","type-page","status-publish","has-post-thumbnail","hentry"],"acf":[],"_links":{"self":[{"href":"https:\/\/culturesconnection.com\/de\/wp-json\/wp\/v2\/pages\/15042","targetHints":{"allow":["GET"]}}],"collection":[{"href":"https:\/\/culturesconnection.com\/de\/wp-json\/wp\/v2\/pages"}],"about":[{"href":"https:\/\/culturesconnection.com\/de\/wp-json\/wp\/v2\/types\/page"}],"author":[{"embeddable":true,"href":"https:\/\/culturesconnection.com\/de\/wp-json\/wp\/v2\/users\/22"}],"replies":[{"embeddable":true,"href":"https:\/\/culturesconnection.com\/de\/wp-json\/wp\/v2\/comments?post=15042"}],"version-history":[{"count":0,"href":"https:\/\/culturesconnection.com\/de\/wp-json\/wp\/v2\/pages\/15042\/revisions"}],"wp:featuredmedia":[{"embeddable":true,"href":"https:\/\/culturesconnection.com\/de\/wp-json\/wp\/v2\/media\/22965"}],"wp:attachment":[{"href":"https:\/\/culturesconnection.com\/de\/wp-json\/wp\/v2\/media?parent=15042"}],"curies":[{"name":"wp","href":"https:\/\/api.w.org\/{rel}","templated":true}]}}