{"id":15041,"date":"2019-09-12T16:25:02","date_gmt":"2019-09-12T14:25:02","guid":{"rendered":"http:\/\/culturesconnection.com\/?page_id=15041"},"modified":"2022-06-08T18:36:45","modified_gmt":"2022-06-08T16:36:45","slug":"services-im-konsekutivdolmetschen","status":"publish","type":"page","link":"https:\/\/culturesconnection.com\/de\/services-im-konsekutivdolmetschen\/","title":{"rendered":"Unsere Services im Konsekutivdolmetschen"},"content":{"rendered":"\n<h2 class=\"wp-block-heading\">Wann sollten Sie sich f\u00fcr den Service eines Konsekutivdolmetschers entscheiden?<\/h2>\n\n\n\n<p>Planen Sie eine Veranstaltung zu organisieren mit Teilnehmern verschiedener Muttersprachen und aus unterschiedlichen Kulturen? In diesem Fall werden Sie hierf\u00fcr Dolmetscher ben\u00f6tigen. Welchen Dolmetscherdienst sollten Sie daf\u00fcr w\u00e4hlen? Dies h\u00e4ngt alles von der Art der Veranstaltung, dem Ort, der verf\u00fcgbaren Zeit, dem Budget und der Anzahl der Teilnehmer ab. F\u00fcr Konferenzen, bei denen Dienste im Verhandlungs- oder Konsekutivdolmetschen erforderlich sind, ist es f\u00fcr Dolmetscher m\u00f6glich sich flexibel an die unterschiedlichen Situationen anzupassen.<\/p>\n\n\n\n<p>Konsekutivdolmetschen ist ein wichtiger Baustein des beruflichen Profils eines Dolmetschers. Bei Diskussionen, die auf konsekutive Weise interpretiert werden, handelt es sich nicht immer um formale Angelegenheiten. Da <strong>diese Art des Dolmetschens keine besondere Ausr\u00fcstung erfordert<\/strong>, kann sie in vielen verschiedenen Situationen verwendet werden, wie beispielweise f\u00fcr Bankette, Empf\u00e4nge, Einweihungen, F\u00fchrungen, Gesch\u00e4ftsreisen, Besuche von Diplomaten oder Prominenz, Diskussions- und Verhandlungsrunden, Incentive-Reisen, usw.<\/p>\n\n\n\n<h2 class=\"wp-block-heading\">Konsekutivdolmetschen: Die einfache und stressfreie Methode<\/h2>\n\n\n\n<p>Am Tisch nimmt der Dolmetscher Notizen, welche ihm dabei helfen werden, die gesamte Ansprache oder Ausz\u00fcge davon originalgetreu und so pr\u00e4zise wie m\u00f6glich in der Zielsprache wiederzugeben. Im Gegensatz zum Simultandolmetschen, gibt es keine Notwendigkeit f\u00fcr die Verwendung einer umfangreichen Ausr\u00fcstung; hierf\u00fcr reichen ein Stift und ein Block aus.<\/p>\n\n\n\n<h2 class=\"wp-block-heading\">Dienstleistungen im Konsekutivdolmetschen<\/h2>\n\n\n\n<p>Unsere <a href=\"https:\/\/culturesconnection.com\/de\/\">Dolmetscheragentur<\/a> arbeitet mit professionellen Dolmetschern zusammen, die diplomiert und renommiert sind f\u00fcr ihre Erfahrung auf diesem Gebiet. Mit insgesamt fast 80 angebotenen Sprachkombinationen (unter anderem Deutsch, Franz\u00f6sisch, Englisch, Spanisch, Chinesisch, Russisch, Italienisch, Finnisch, Kroatisch, Urdu, usw.) ist Cultures Connection Ihre Nummer eins f\u00fcr <a href=\"https:\/\/culturesconnection.com\/de\/dolmetscherdienste\">Dolmetscherdienste<\/a> in Paris, Nizza, Buenos Aires, New York und auf der ganzen Welt und f\u00fcr jede Situation, in der Sie in einer Fremdsprache kommunizieren m\u00f6chten.<\/p>\n","protected":false},"excerpt":{"rendered":"<p>Wann sollten Sie sich f\u00fcr den Service eines Konsekutivdolmetschers entscheiden? Planen Sie eine Veranstaltung zu organisieren mit Teilnehmern verschiedener Muttersprachen und aus unterschiedlichen Kulturen? In [&#8230;]<\/p>\n<p><a class=\"btn btn-secondary understrap-read-more-link\" href=\"https:\/\/culturesconnection.com\/de\/services-im-konsekutivdolmetschen\/\">Weiterlesen&#8230;<span class=\"screen-reader-text\"> from Unsere Services im Konsekutivdolmetschen<\/span><\/a><\/p>\n","protected":false},"author":22,"featured_media":26047,"parent":0,"menu_order":0,"comment_status":"closed","ping_status":"closed","template":"","meta":{"_acf_changed":false,"_editorskit_title_hidden":false,"_editorskit_reading_time":0,"_editorskit_is_block_options_detached":false,"_editorskit_block_options_position":"{}","footnotes":""},"class_list":["post-15041","page","type-page","status-publish","has-post-thumbnail","hentry"],"acf":[],"_links":{"self":[{"href":"https:\/\/culturesconnection.com\/de\/wp-json\/wp\/v2\/pages\/15041","targetHints":{"allow":["GET"]}}],"collection":[{"href":"https:\/\/culturesconnection.com\/de\/wp-json\/wp\/v2\/pages"}],"about":[{"href":"https:\/\/culturesconnection.com\/de\/wp-json\/wp\/v2\/types\/page"}],"author":[{"embeddable":true,"href":"https:\/\/culturesconnection.com\/de\/wp-json\/wp\/v2\/users\/22"}],"replies":[{"embeddable":true,"href":"https:\/\/culturesconnection.com\/de\/wp-json\/wp\/v2\/comments?post=15041"}],"version-history":[{"count":0,"href":"https:\/\/culturesconnection.com\/de\/wp-json\/wp\/v2\/pages\/15041\/revisions"}],"wp:featuredmedia":[{"embeddable":true,"href":"https:\/\/culturesconnection.com\/de\/wp-json\/wp\/v2\/media\/26047"}],"wp:attachment":[{"href":"https:\/\/culturesconnection.com\/de\/wp-json\/wp\/v2\/media?parent=15041"}],"curies":[{"name":"wp","href":"https:\/\/api.w.org\/{rel}","templated":true}]}}