{"id":15039,"date":"2019-09-12T15:57:14","date_gmt":"2019-09-12T13:57:14","guid":{"rendered":"http:\/\/culturesconnection.com\/?page_id=15039"},"modified":"2022-11-21T15:22:42","modified_gmt":"2022-11-21T14:22:42","slug":"business-uebersetzung","status":"publish","type":"page","link":"https:\/\/culturesconnection.com\/de\/business-uebersetzung\/","title":{"rendered":"Unser Business-\u00dcbersetzungsservice"},"content":{"rendered":"\n<h2 class=\"wp-block-heading\">\u00dcbersetzung f\u00fcr Unternehmen:&nbsp;Der Schl\u00fcssel zu internationalem Wachstum<\/h2>\n\n\n\n<p>Da der Gesch\u00e4ftsverkehr heutzutage immer internationaler wird, <strong>so sind \u00dcbersetzungen f\u00fcr Unternehmen von entscheidender Bedeutung<\/strong>, insbesondere wenn diese auf internationaler Ebene t\u00e4tig sind. Allerdings sind Unternehmenskulturen von Land zu Land sehr unterschiedlich in Hinsicht auf Ihre Standardpraxis, Erwartungen, Verhaltensweisen und Schreibstile.<\/p>\n\n\n\n<p>Die Art und Weise in Buenos Aires ein Gesch\u00e4ft abzuschlie\u00dfen ist nicht unbedingt die gleiche wie in Hongkong, was bedeutet, dass unsere Wirtschafts\u00fcbersetzer und Korrekturleser Kenntnisse der Gesch\u00e4ftskulturen beider L\u00e4nder ben\u00f6tigen &#8211; Dem Herkunftsland und dem Zielland.<\/p>\n\n\n\n<h2 class=\"wp-block-heading\">\u00dcbersetzung von Gesch\u00e4ftsdokumenten:<br>Eine Frage der Glaubw\u00fcrdigkeit<\/h2>\n\n\n\n<p>Ein guter Businessplan ist wichtig f\u00fcr die Finanzierung, um Gesch\u00e4ftspartner zu finden und zur Sicherung von Investoren \u2013 kurz gesagt, Ihr Businessplan ist entscheidend f\u00fcr den zuk\u00fcnftigen Erfolg Ihres Unternehmens. Falls Sie eine internationale Expansion planen, dann stellt sich die Frage: Sind Sie darauf vorbereitet, Ihr Vorhaben in fernen L\u00e4ndern zu pr\u00e4sentieren, deren Sprache Sie m\u00f6glicherweise nicht sprechen?<\/p>\n\n\n\n<p>Wie werden Sie mit neuen Partnern kommunizieren und f\u00fcr Ihr Unternehmen werben, wenn Ihre potenziellen Kunden ausschlie\u00dflich Spanisch, Franz\u00f6sisch oder Japanisch sprechen? Diese internationalen Investoren und F\u00fchrungskr\u00e4fte werden vielleicht etwas Englisch beherrschen, jedoch wird sich der Prozess und Vertrauensaufbau sicherlich einfacher gestalten, wenn Sie Ihre <strong>Gesch\u00e4ftsdokumente<\/strong> in deren Muttersprache vorliegen haben.<\/p>\n\n\n\n<h2 class=\"wp-block-heading\">Experten in der \u00dcbersetzung von Gesch\u00e4ftsdokumenten<br>Zu Ihren Diensten<\/h2>\n\n\n\n<p>Wenn Sie <a href=\"https:\/\/culturesconnection.com\/de\/\">Cultures Connection<\/a> w\u00e4hlen, um Sie dabei zu unterst\u00fctzen Ihr Unternehmen international zu entwickeln, sind Ihnen hochwertige <a href=\"https:\/\/culturesconnection.com\/de\/uebersetzungsdienst\">\u00dcbersetzungsdienstleistungen<\/a> garantiert. Unsere spezialisierten \u00dcbersetzer f\u00fcr die Bereiche Business und Marketing werden auf Grundlage ihrer erworbenen Diplome und ihrer Erfahrung auf den jeweiligen Fachgebieten ausgew\u00e4hlt. Uns stehen \u00dcbersetzer zur Verf\u00fcgung f\u00fcr <a href=\"https:\/\/culturesconnection.com\/de\/professioneller-uebersetzer\">zahlreiche Sprachkombinationen<\/a>.<\/p>\n\n\n\n<p>Die Expertise unseres \u00dcbersetzungsb\u00fcros im Bereich Business und Marketing hilft Ihnen dabei, Ihr Unternehmen international auszuweiten. Wir spezialisieren uns auf <strong>eine breite Palette von Gesch\u00e4ftsdokumenten<\/strong>: Prospekte, Brosch\u00fcren, Visitenkarten, Werbekampagnen, Ver\u00f6ffentlichungen, Webseiten, Pr\u00e4sentationen, Kataloge, Marktstudien, Werbemittel, Business-Newsletter, Werbung, Informationsschriften und vieles mehr &#8230;<\/p>\n\n\n\n<h2 class=\"wp-block-heading\">\u00dcbersetzung von Gesch\u00e4ftsdokumenten in alle Sprachen<\/h2>\n\n\n\n<ul class=\"wp-block-list\"><li>\u00dcbersetzung von Gesch\u00e4ftsdokumenten ins Franz\u00f6sische<\/li><li>\u00dcbersetzung von Gesch\u00e4ftsdokumenten ins Spanische<\/li><li>\u00dcbersetzung von Gesch\u00e4ftsdokumenten ins Englische<\/li><li>\u00dcbersetzung von Gesch\u00e4ftsdokumenten ins Chinesische<\/li><li>\u00dcbersetzung von Gesch\u00e4ftsdokumenten ins Arabische<\/li><li>\u00dcbersetzung von Gesch\u00e4ftsdokumenten ins Portugiesische<\/li><li>\u00dcbersetzung von Gesch\u00e4ftsdokumenten ins Italienische<\/li><li>\u00dcbersetzung von Gesch\u00e4ftsdokumenten ins Niederl\u00e4ndische<\/li><li>\u00dcbersetzung von Gesch\u00e4ftsdokumenten ins T\u00fcrkische<\/li><li>\u00dcbersetzung von Gesch\u00e4ftsdokumenten ins Japanische<\/li><li>\u00dcbersetzung von Gesch\u00e4ftsdokumenten ins Russische<\/li><\/ul>\n\n\n\n<p>Entdecken Sie die <a href=\"https:\/\/culturesconnection.com\/de\/whitepapers-und-broschueren\/\">Brosch\u00fcre von Cultures Connection<\/a>!<\/p>\n\n\n\n<p><\/p>\n","protected":false},"excerpt":{"rendered":"<p>\u00dcbersetzung f\u00fcr Unternehmen:&nbsp;Der Schl\u00fcssel zu internationalem Wachstum Da der Gesch\u00e4ftsverkehr heutzutage immer internationaler wird, so sind \u00dcbersetzungen f\u00fcr Unternehmen von entscheidender Bedeutung, insbesondere wenn diese [&#8230;]<\/p>\n<p><a class=\"btn btn-secondary understrap-read-more-link\" href=\"https:\/\/culturesconnection.com\/de\/business-uebersetzung\/\">Weiterlesen&#8230;<span class=\"screen-reader-text\"> from Unser Business-\u00dcbersetzungsservice<\/span><\/a><\/p>\n","protected":false},"author":22,"featured_media":22992,"parent":0,"menu_order":0,"comment_status":"closed","ping_status":"closed","template":"","meta":{"_acf_changed":false,"_editorskit_title_hidden":false,"_editorskit_reading_time":1,"_editorskit_is_block_options_detached":false,"_editorskit_block_options_position":"{}","footnotes":""},"class_list":["post-15039","page","type-page","status-publish","has-post-thumbnail","hentry"],"acf":[],"_links":{"self":[{"href":"https:\/\/culturesconnection.com\/de\/wp-json\/wp\/v2\/pages\/15039","targetHints":{"allow":["GET"]}}],"collection":[{"href":"https:\/\/culturesconnection.com\/de\/wp-json\/wp\/v2\/pages"}],"about":[{"href":"https:\/\/culturesconnection.com\/de\/wp-json\/wp\/v2\/types\/page"}],"author":[{"embeddable":true,"href":"https:\/\/culturesconnection.com\/de\/wp-json\/wp\/v2\/users\/22"}],"replies":[{"embeddable":true,"href":"https:\/\/culturesconnection.com\/de\/wp-json\/wp\/v2\/comments?post=15039"}],"version-history":[{"count":0,"href":"https:\/\/culturesconnection.com\/de\/wp-json\/wp\/v2\/pages\/15039\/revisions"}],"wp:featuredmedia":[{"embeddable":true,"href":"https:\/\/culturesconnection.com\/de\/wp-json\/wp\/v2\/media\/22992"}],"wp:attachment":[{"href":"https:\/\/culturesconnection.com\/de\/wp-json\/wp\/v2\/media?parent=15039"}],"curies":[{"name":"wp","href":"https:\/\/api.w.org\/{rel}","templated":true}]}}