{"id":15035,"date":"2019-09-12T12:46:42","date_gmt":"2019-09-12T10:46:42","guid":{"rendered":"http:\/\/culturesconnection.com\/?page_id=15035"},"modified":"2022-06-10T20:39:21","modified_gmt":"2022-06-10T18:39:21","slug":"seo-copywriting","status":"publish","type":"page","link":"https:\/\/culturesconnection.com\/de\/seo-copywriting\/","title":{"rendered":"Unser mehrsprachiges SEO | SEO Copywriting"},"content":{"rendered":"\n<h2 class=\"wp-block-heading\">Das Erstellen von Web Content als Chance<br>zur Verbesserung des Nutzererlebnisses<\/h2>\n\n\n\n<p>Im Zuge der Internet-Revolution, der st\u00e4ndig wachsenden Anzahl von Webseiten und des Booms sozialer Netzwerke, lesen und teilen Internetsurfer t\u00e4glich Millionen von Internetseiten. Webinhalte sind \u00fcberall: In Form von Blogartikeln, Nachrichten, Produktbeschreibungen, Pressemitteilungen oder touristischen Texten. Angesichts der gro\u00dfen Auswahl an Inhalten wird deutlich, dass qualitativ hochwertiger Inhalt viel eher die Aufmerksamkeit des Lesers auf sich zieht \u2013 und sie auch aufrechterh\u00e4lt.<\/p>\n\n\n\n<p>Zur Erstellung von Content f\u00fcr Webseiten stehen <a href=\"https:\/\/culturesconnection.com\/de\/\">Cultures Connection<\/a> aufgrund langj\u00e4hriger Erfahrung zahlreiche Web-Autoren zur Verf\u00fcgung, die die Profilierung Ihres Unternehmens durch Multimedia-Inhalte verbessern k\u00f6nnen. Wir garantieren einzigartige Inhalte ohne Content-Spinning (das Umschreiben von Texten). Alle unsere Autoren durchlaufen strenge Auswahlprozesse und sind Spezialisten auf ihrem Gebiet.<\/p>\n\n\n\n<h2 class=\"wp-block-heading\">Erstellung von SEO-Inhalten zur Optimierung Ihrer Webseitenpositionierung<\/h2>\n\n\n\n<p>Um eine Spitzenposition zu garantieren, sollte der Inhalt Ihrer Webseite von Suchmaschinen leicht auffindbar sein. SEO (oder optimierte) Erstellung von Content zur nat\u00fcrlichen Referenzierung ist von grundlegender Bedeutung f\u00fcr die F\u00f6rderung Ihres Unternehmens und f\u00fcr die Erh\u00f6hung der Besucherzahl auf Ihrer Webseite.<\/p>\n\n\n\n<p>An wen k\u00f6nnen Sie sich wenden zur Optimierung Ihrer Webseite? Das Erstellen von Content ist eine Profession und sollte deshalb nicht der Improvisation \u00fcberlassen bleiben. Somit ist es empfehlenswert Experten hinzuzuziehen: Zum Beispiel Agenturen f\u00fcr Content Writing (Inhaltserstellung) oder unabh\u00e4ngige Web-Autoren. Die Aufgabe eines Web-Autoren ist es, relevante und hochqualitative Texte zu schreiben, die auf die Bed\u00fcrfnisse von Internetsurfern eingehen sowie auf die algorithmischen Kriterien von Suchmaschinen, die die Positionierung beeinflussen \u2013 dies sind Kriterien, die sich st\u00e4ndig weiterentwickeln.<\/p>\n\n\n\n<h2 class=\"wp-block-heading\">Ihr Spezialist f\u00fcr Content Writing in ganz unterschiedlichen Bereichen<\/h2>\n\n\n\n<p>Unsere Dienstleistungen f\u00fcr die Erstellung von Web-Content bieten wir in mehr als drei\u00dfig verschiedenen Bereichen an:<\/p>\n\n\n\n<ul class=\"wp-block-list\"><li>Tourismus\/Reisen<\/li><li>E-Commerce<\/li><li>Mode<\/li><li>Kosmetik\/Sch\u00f6nheit<\/li><li>Sport<\/li><li>Gesundheit<\/li><li>Chemie<\/li><li>Finanzen&#8230;<\/li><\/ul>\n\n\n\n<h2 class=\"wp-block-heading\">Unsere Dienstleistungen in der Webseiten-\u00dcbersetzung<\/h2>\n\n\n\n<p>Wurde Ihre Website mit WordPress entworfen? Cultures Connection ist exklusiver Partner des marktf\u00fchrenden WordPress-Plugins f\u00fcr \u00dcbersetzungen: WPML. Dies macht die \u00dcbersetzung Ihrer Webseite zu einem Kinderspiel, da wir die von uns \u00fcbersetzten Inhalte auf einfache Art und Weise auf Ihrer Webseite integrieren k\u00f6nnen.<br>Cultures Connection kann Ihre Website ganz unabh\u00e4ngig vom vorliegenden Textformat \u00fcbersetzen (Word, Excel, nur Text, etc.) oder vom Content Management System, das Sie verwenden (Joomla, Magento, PrestaShop, etc.), oder sogar direkt aus dem HTML-Code Ihrer Website.<\/p>\n\n\n\n<h2 class=\"wp-block-heading\">Zufriedene Kunden in jeder Branche<\/h2>\n\n\n\n<p>Unser Portfolio an \u00dcbersetzungsprojekten umfasst Webseiten-Content, wie z.B. von E-Commerce Webseiten und Online-Plattformen, f\u00fcr ganz unterschiedliche Institutionen wie beispielsweise die FAO, die UNO, die franz\u00f6sische gesetzliche Krankenversicherung (CPAM) und f\u00fcr Gro\u00dfkonzerne wie SANOFI, JACADI, MIRAKL und viele weitere.<\/p>\n\n\n\n<h2 class=\"wp-block-heading\">Unsere Dienstleistungen in mehrsprachiger SEO und im Digitalmarketing<\/h2>\n\n\n\n<ul class=\"wp-block-list\"><li><strong><a href=\"https:\/\/culturesconnection.com\/de\/seo-uebersetzung\/\">SEO \u00dcbersetzungen<\/a><\/strong><br>Unsere SEO-Experten bestimmen die wichtigsten Schl\u00fcsselw\u00f6rter Ihrer T\u00e4tigkeit im Rahmen Ihres Zielmarkts und stellen den \u00dcbersetzern ein Glossar mit W\u00f6rtern zur Verf\u00fcgung, die bevorzugt verwendet werden sollen.<\/li><li><strong><a href=\"https:\/\/culturesconnection.com\/de\/seo-meta-tag-optimierung\/\">Meta-Tag Optimierung<\/a><\/strong><br>Unsere SEO-Experten erstellen oder bearbeiten die Tags, die auf den HTML-Seiten Ihrer Webseite verwendet werden sollen (Titel, Metabeschreibungen, H1-\u00dcberschriften, etc.), um Ihre Positionierung innerhalb der Suchmaschinenergebnisse zu verbessern.<\/li><li><strong>Link-Building-Strategie<\/strong><br>Wir identifizieren die R\u00fcckverlinkung (externe Links von anderen Webseiten zu Ihrer Webseite), die am ehesten zu Ihrer Bekanntheit beitr\u00e4gt.<\/li><\/ul>\n","protected":false},"excerpt":{"rendered":"<p>Das Erstellen von Web Content als Chancezur Verbesserung des Nutzererlebnisses Im Zuge der Internet-Revolution, der st\u00e4ndig wachsenden Anzahl von Webseiten und des Booms sozialer Netzwerke, [&#8230;]<\/p>\n<p><a class=\"btn btn-secondary understrap-read-more-link\" href=\"https:\/\/culturesconnection.com\/de\/seo-copywriting\/\">Weiterlesen&#8230;<span class=\"screen-reader-text\"> from Unser mehrsprachiges SEO | SEO Copywriting<\/span><\/a><\/p>\n","protected":false},"author":22,"featured_media":24547,"parent":0,"menu_order":0,"comment_status":"closed","ping_status":"closed","template":"","meta":{"_acf_changed":false,"_editorskit_title_hidden":false,"_editorskit_reading_time":0,"_editorskit_is_block_options_detached":false,"_editorskit_block_options_position":"{}","footnotes":""},"class_list":["post-15035","page","type-page","status-publish","has-post-thumbnail","hentry"],"acf":[],"yoast_head":"<!-- This site is optimized with the Yoast SEO Premium plugin v23.4 (Yoast SEO v27.3) - https:\/\/yoast.com\/product\/yoast-seo-premium-wordpress\/ -->\n<title>SEO Copywriting | SEO-Agentur<\/title>\n<meta name=\"description\" content=\"Boosten Sie Ihre Suchmaschinen-Rankings international und machen Sie mit unseren SEO Copywriting Services Ihre Webseite sichtbarer f\u00fcr potenzielle Kunden!\" \/>\n<meta name=\"robots\" content=\"index, follow, max-snippet:-1, max-image-preview:large, max-video-preview:-1\" \/>\n<link rel=\"canonical\" href=\"https:\/\/culturesconnection.com\/de\/seo-copywriting\/\" \/>\n<meta property=\"og:locale\" content=\"de_DE\" \/>\n<meta property=\"og:type\" content=\"article\" \/>\n<meta property=\"og:title\" content=\"Unser mehrsprachiges SEO | SEO Copywriting\" \/>\n<meta property=\"og:description\" content=\"Boosten Sie Ihre Suchmaschinen-Rankings international und machen Sie mit unseren SEO Copywriting Services Ihre Webseite sichtbarer f\u00fcr potenzielle Kunden!\" \/>\n<meta property=\"og:url\" content=\"https:\/\/culturesconnection.com\/de\/seo-copywriting\/\" \/>\n<meta property=\"og:site_name\" content=\"Cultures Connection\" \/>\n<meta property=\"article:publisher\" content=\"https:\/\/www.facebook.com\/CulturesConnection\" \/>\n<meta property=\"article:modified_time\" content=\"2022-06-10T18:39:21+00:00\" \/>\n<meta property=\"og:image\" content=\"https:\/\/culturesconnection.com\/wp-content\/uploads\/2015\/06\/background_cr\u00e9ation_de_contenu-1.jpg\" \/>\n\t<meta property=\"og:image:width\" content=\"1440\" \/>\n\t<meta property=\"og:image:height\" content=\"570\" \/>\n\t<meta property=\"og:image:type\" content=\"image\/jpeg\" \/>\n<meta name=\"twitter:card\" content=\"summary_large_image\" \/>\n<meta name=\"twitter:site\" content=\"@CulturesCo_\" \/>\n<meta name=\"twitter:label1\" content=\"Gesch\u00e4tzte Lesezeit\" \/>\n\t<meta name=\"twitter:data1\" content=\"3 Minuten\" \/>\n<script type=\"application\/ld+json\" class=\"yoast-schema-graph\">{\"@context\":\"https:\\\/\\\/schema.org\",\"@graph\":[{\"@type\":\"WebPage\",\"@id\":\"https:\\\/\\\/culturesconnection.com\\\/de\\\/seo-copywriting\\\/\",\"url\":\"https:\\\/\\\/culturesconnection.com\\\/de\\\/seo-copywriting\\\/\",\"name\":\"SEO Copywriting | SEO-Agentur\",\"isPartOf\":{\"@id\":\"https:\\\/\\\/culturesconnection.com\\\/fr\\\/#website\"},\"primaryImageOfPage\":{\"@id\":\"https:\\\/\\\/culturesconnection.com\\\/de\\\/seo-copywriting\\\/#primaryimage\"},\"image\":{\"@id\":\"https:\\\/\\\/culturesconnection.com\\\/de\\\/seo-copywriting\\\/#primaryimage\"},\"thumbnailUrl\":\"https:\\\/\\\/culturesconnection.com\\\/wp-content\\\/uploads\\\/2015\\\/06\\\/background_cr\u00e9ation_de_contenu-1.jpg\",\"datePublished\":\"2019-09-12T10:46:42+00:00\",\"dateModified\":\"2022-06-10T18:39:21+00:00\",\"description\":\"Boosten Sie Ihre Suchmaschinen-Rankings international und machen Sie mit unseren SEO Copywriting Services Ihre Webseite sichtbarer f\u00fcr potenzielle Kunden!\",\"breadcrumb\":{\"@id\":\"https:\\\/\\\/culturesconnection.com\\\/de\\\/seo-copywriting\\\/#breadcrumb\"},\"inLanguage\":\"de-DE\",\"potentialAction\":[{\"@type\":\"ReadAction\",\"target\":[\"https:\\\/\\\/culturesconnection.com\\\/de\\\/seo-copywriting\\\/\"]}]},{\"@type\":\"ImageObject\",\"inLanguage\":\"de-DE\",\"@id\":\"https:\\\/\\\/culturesconnection.com\\\/de\\\/seo-copywriting\\\/#primaryimage\",\"url\":\"https:\\\/\\\/culturesconnection.com\\\/wp-content\\\/uploads\\\/2015\\\/06\\\/background_cr\u00e9ation_de_contenu-1.jpg\",\"contentUrl\":\"https:\\\/\\\/culturesconnection.com\\\/wp-content\\\/uploads\\\/2015\\\/06\\\/background_cr\u00e9ation_de_contenu-1.jpg\",\"width\":1440,\"height\":570,\"caption\":\"r\u00e9daction web\"},{\"@type\":\"BreadcrumbList\",\"@id\":\"https:\\\/\\\/culturesconnection.com\\\/de\\\/seo-copywriting\\\/#breadcrumb\",\"itemListElement\":[{\"@type\":\"ListItem\",\"position\":1,\"name\":\"Home\",\"item\":\"https:\\\/\\\/culturesconnection.com\\\/de\\\/\"},{\"@type\":\"ListItem\",\"position\":2,\"name\":\"Unser mehrsprachiges SEO | SEO Copywriting\"}]},{\"@type\":\"WebSite\",\"@id\":\"https:\\\/\\\/culturesconnection.com\\\/fr\\\/#website\",\"url\":\"https:\\\/\\\/culturesconnection.com\\\/fr\\\/\",\"name\":\"Cultures Connection\",\"description\":\"Cultures Connection is a translation agency dedicated to the success of its international clients.\",\"publisher\":{\"@id\":\"https:\\\/\\\/culturesconnection.com\\\/fr\\\/#organization\"},\"potentialAction\":[{\"@type\":\"SearchAction\",\"target\":{\"@type\":\"EntryPoint\",\"urlTemplate\":\"https:\\\/\\\/culturesconnection.com\\\/fr\\\/?s={search_term_string}\"},\"query-input\":{\"@type\":\"PropertyValueSpecification\",\"valueRequired\":true,\"valueName\":\"search_term_string\"}}],\"inLanguage\":\"de-DE\"},{\"@type\":\"Organization\",\"@id\":\"https:\\\/\\\/culturesconnection.com\\\/fr\\\/#organization\",\"name\":\"Cultures Connection\",\"url\":\"https:\\\/\\\/culturesconnection.com\\\/fr\\\/\",\"logo\":{\"@type\":\"ImageObject\",\"inLanguage\":\"de-DE\",\"@id\":\"https:\\\/\\\/culturesconnection.com\\\/fr\\\/#\\\/schema\\\/logo\\\/image\\\/\",\"url\":\"https:\\\/\\\/culturesconnection.com\\\/wp-content\\\/uploads\\\/2022\\\/06\\\/cropped-favicon512x512.png\",\"contentUrl\":\"https:\\\/\\\/culturesconnection.com\\\/wp-content\\\/uploads\\\/2022\\\/06\\\/cropped-favicon512x512.png\",\"width\":512,\"height\":512,\"caption\":\"Cultures Connection\"},\"image\":{\"@id\":\"https:\\\/\\\/culturesconnection.com\\\/fr\\\/#\\\/schema\\\/logo\\\/image\\\/\"},\"sameAs\":[\"https:\\\/\\\/www.facebook.com\\\/CulturesConnection\",\"https:\\\/\\\/x.com\\\/CulturesCo_\"]}]}<\/script>\n<!-- \/ Yoast SEO Premium plugin. -->","yoast_head_json":{"title":"SEO Copywriting | SEO-Agentur","description":"Boosten Sie Ihre Suchmaschinen-Rankings international und machen Sie mit unseren SEO Copywriting Services Ihre Webseite sichtbarer f\u00fcr potenzielle Kunden!","robots":{"index":"index","follow":"follow","max-snippet":"max-snippet:-1","max-image-preview":"max-image-preview:large","max-video-preview":"max-video-preview:-1"},"canonical":"https:\/\/culturesconnection.com\/de\/seo-copywriting\/","og_locale":"de_DE","og_type":"article","og_title":"Unser mehrsprachiges SEO | SEO Copywriting","og_description":"Boosten Sie Ihre Suchmaschinen-Rankings international und machen Sie mit unseren SEO Copywriting Services Ihre Webseite sichtbarer f\u00fcr potenzielle Kunden!","og_url":"https:\/\/culturesconnection.com\/de\/seo-copywriting\/","og_site_name":"Cultures Connection","article_publisher":"https:\/\/www.facebook.com\/CulturesConnection","article_modified_time":"2022-06-10T18:39:21+00:00","og_image":[{"width":1440,"height":570,"url":"https:\/\/culturesconnection.com\/wp-content\/uploads\/2015\/06\/background_cr\u00e9ation_de_contenu-1.jpg","type":"image\/jpeg"}],"twitter_card":"summary_large_image","twitter_site":"@CulturesCo_","twitter_misc":{"Gesch\u00e4tzte Lesezeit":"3 Minuten"},"schema":{"@context":"https:\/\/schema.org","@graph":[{"@type":"WebPage","@id":"https:\/\/culturesconnection.com\/de\/seo-copywriting\/","url":"https:\/\/culturesconnection.com\/de\/seo-copywriting\/","name":"SEO Copywriting | SEO-Agentur","isPartOf":{"@id":"https:\/\/culturesconnection.com\/fr\/#website"},"primaryImageOfPage":{"@id":"https:\/\/culturesconnection.com\/de\/seo-copywriting\/#primaryimage"},"image":{"@id":"https:\/\/culturesconnection.com\/de\/seo-copywriting\/#primaryimage"},"thumbnailUrl":"https:\/\/culturesconnection.com\/wp-content\/uploads\/2015\/06\/background_cr\u00e9ation_de_contenu-1.jpg","datePublished":"2019-09-12T10:46:42+00:00","dateModified":"2022-06-10T18:39:21+00:00","description":"Boosten Sie Ihre Suchmaschinen-Rankings international und machen Sie mit unseren SEO Copywriting Services Ihre Webseite sichtbarer f\u00fcr potenzielle Kunden!","breadcrumb":{"@id":"https:\/\/culturesconnection.com\/de\/seo-copywriting\/#breadcrumb"},"inLanguage":"de-DE","potentialAction":[{"@type":"ReadAction","target":["https:\/\/culturesconnection.com\/de\/seo-copywriting\/"]}]},{"@type":"ImageObject","inLanguage":"de-DE","@id":"https:\/\/culturesconnection.com\/de\/seo-copywriting\/#primaryimage","url":"https:\/\/culturesconnection.com\/wp-content\/uploads\/2015\/06\/background_cr\u00e9ation_de_contenu-1.jpg","contentUrl":"https:\/\/culturesconnection.com\/wp-content\/uploads\/2015\/06\/background_cr\u00e9ation_de_contenu-1.jpg","width":1440,"height":570,"caption":"r\u00e9daction web"},{"@type":"BreadcrumbList","@id":"https:\/\/culturesconnection.com\/de\/seo-copywriting\/#breadcrumb","itemListElement":[{"@type":"ListItem","position":1,"name":"Home","item":"https:\/\/culturesconnection.com\/de\/"},{"@type":"ListItem","position":2,"name":"Unser mehrsprachiges SEO | SEO Copywriting"}]},{"@type":"WebSite","@id":"https:\/\/culturesconnection.com\/fr\/#website","url":"https:\/\/culturesconnection.com\/fr\/","name":"Cultures Connection","description":"Cultures Connection is a translation agency dedicated to the success of its international clients.","publisher":{"@id":"https:\/\/culturesconnection.com\/fr\/#organization"},"potentialAction":[{"@type":"SearchAction","target":{"@type":"EntryPoint","urlTemplate":"https:\/\/culturesconnection.com\/fr\/?s={search_term_string}"},"query-input":{"@type":"PropertyValueSpecification","valueRequired":true,"valueName":"search_term_string"}}],"inLanguage":"de-DE"},{"@type":"Organization","@id":"https:\/\/culturesconnection.com\/fr\/#organization","name":"Cultures Connection","url":"https:\/\/culturesconnection.com\/fr\/","logo":{"@type":"ImageObject","inLanguage":"de-DE","@id":"https:\/\/culturesconnection.com\/fr\/#\/schema\/logo\/image\/","url":"https:\/\/culturesconnection.com\/wp-content\/uploads\/2022\/06\/cropped-favicon512x512.png","contentUrl":"https:\/\/culturesconnection.com\/wp-content\/uploads\/2022\/06\/cropped-favicon512x512.png","width":512,"height":512,"caption":"Cultures Connection"},"image":{"@id":"https:\/\/culturesconnection.com\/fr\/#\/schema\/logo\/image\/"},"sameAs":["https:\/\/www.facebook.com\/CulturesConnection","https:\/\/x.com\/CulturesCo_"]}]}},"_links":{"self":[{"href":"https:\/\/culturesconnection.com\/de\/wp-json\/wp\/v2\/pages\/15035","targetHints":{"allow":["GET"]}}],"collection":[{"href":"https:\/\/culturesconnection.com\/de\/wp-json\/wp\/v2\/pages"}],"about":[{"href":"https:\/\/culturesconnection.com\/de\/wp-json\/wp\/v2\/types\/page"}],"author":[{"embeddable":true,"href":"https:\/\/culturesconnection.com\/de\/wp-json\/wp\/v2\/users\/22"}],"replies":[{"embeddable":true,"href":"https:\/\/culturesconnection.com\/de\/wp-json\/wp\/v2\/comments?post=15035"}],"version-history":[{"count":0,"href":"https:\/\/culturesconnection.com\/de\/wp-json\/wp\/v2\/pages\/15035\/revisions"}],"wp:featuredmedia":[{"embeddable":true,"href":"https:\/\/culturesconnection.com\/de\/wp-json\/wp\/v2\/media\/24547"}],"wp:attachment":[{"href":"https:\/\/culturesconnection.com\/de\/wp-json\/wp\/v2\/media?parent=15035"}],"curies":[{"name":"wp","href":"https:\/\/api.w.org\/{rel}","templated":true}]}}