{"id":15033,"date":"2019-09-12T12:10:57","date_gmt":"2019-09-12T10:10:57","guid":{"rendered":"http:\/\/culturesconnection.com\/?page_id=15033"},"modified":"2022-06-17T20:56:03","modified_gmt":"2022-06-17T18:56:03","slug":"kontakt","status":"publish","type":"page","link":"https:\/\/culturesconnection.com\/de\/kontakt\/","title":{"rendered":"KONTAKTIEREN SIE UNS"},"content":{"rendered":"","protected":false},"excerpt":{"rendered":"<p> [&#8230;]<\/p>\n<p><a class=\"btn btn-secondary understrap-read-more-link\" href=\"https:\/\/culturesconnection.com\/de\/kontakt\/\">Weiterlesen&#8230;<span class=\"screen-reader-text\"> from KONTAKTIEREN SIE UNS<\/span><\/a><\/p>\n","protected":false},"author":22,"featured_media":0,"parent":0,"menu_order":0,"comment_status":"closed","ping_status":"closed","template":"page-templates\/contact.php","meta":{"_acf_changed":false,"_editorskit_title_hidden":false,"_editorskit_reading_time":0,"_editorskit_is_block_options_detached":false,"_editorskit_block_options_position":"{}","footnotes":""},"class_list":["post-15033","page","type-page","status-publish","hentry"],"acf":[],"yoast_head":"<!-- This site is optimized with the Yoast SEO Premium plugin v23.4 (Yoast SEO v27.3) - https:\/\/yoast.com\/product\/yoast-seo-premium-wordpress\/ -->\n<title>Kontakt f\u00fcr \u00dcbersetzungen | \u00dcbersetzungsb\u00fcro<\/title>\n<meta name=\"description\" content=\"Das \u00dcbersetzungsb\u00fcro mit den besten L\u00f6sungen.\" \/>\n<meta name=\"robots\" content=\"index, follow, max-snippet:-1, max-image-preview:large, max-video-preview:-1\" \/>\n<link rel=\"canonical\" href=\"https:\/\/culturesconnection.com\/de\/kontakt\/\" \/>\n<meta property=\"og:locale\" content=\"de_DE\" \/>\n<meta property=\"og:type\" content=\"article\" \/>\n<meta property=\"og:title\" content=\"KONTAKTIEREN SIE UNS\" \/>\n<meta property=\"og:description\" content=\"Das \u00dcbersetzungsb\u00fcro mit den besten L\u00f6sungen.\" \/>\n<meta property=\"og:url\" content=\"https:\/\/culturesconnection.com\/de\/kontakt\/\" \/>\n<meta property=\"og:site_name\" content=\"Cultures Connection\" \/>\n<meta property=\"article:publisher\" content=\"https:\/\/www.facebook.com\/CulturesConnection\" \/>\n<meta property=\"article:modified_time\" content=\"2022-06-17T18:56:03+00:00\" \/>\n<meta property=\"og:image\" content=\"https:\/\/culturesconnection.com\/wp-content\/uploads\/2022\/07\/brochure2022.webp\" \/>\n\t<meta property=\"og:image:width\" content=\"1654\" \/>\n\t<meta property=\"og:image:height\" content=\"1169\" \/>\n\t<meta property=\"og:image:type\" content=\"image\/webp\" \/>\n<meta name=\"twitter:card\" content=\"summary_large_image\" \/>\n<meta name=\"twitter:site\" content=\"@CulturesCo_\" \/>\n<script type=\"application\/ld+json\" class=\"yoast-schema-graph\">{\"@context\":\"https:\\\/\\\/schema.org\",\"@graph\":[{\"@type\":\"WebPage\",\"@id\":\"https:\\\/\\\/culturesconnection.com\\\/de\\\/kontakt\\\/\",\"url\":\"https:\\\/\\\/culturesconnection.com\\\/de\\\/kontakt\\\/\",\"name\":\"Kontakt f\u00fcr \u00dcbersetzungen | \u00dcbersetzungsb\u00fcro\",\"isPartOf\":{\"@id\":\"https:\\\/\\\/culturesconnection.com\\\/fr\\\/#website\"},\"datePublished\":\"2019-09-12T10:10:57+00:00\",\"dateModified\":\"2022-06-17T18:56:03+00:00\",\"description\":\"Das \u00dcbersetzungsb\u00fcro mit den besten L\u00f6sungen.\",\"breadcrumb\":{\"@id\":\"https:\\\/\\\/culturesconnection.com\\\/de\\\/kontakt\\\/#breadcrumb\"},\"inLanguage\":\"de-DE\",\"potentialAction\":[{\"@type\":\"ReadAction\",\"target\":[\"https:\\\/\\\/culturesconnection.com\\\/de\\\/kontakt\\\/\"]}]},{\"@type\":\"BreadcrumbList\",\"@id\":\"https:\\\/\\\/culturesconnection.com\\\/de\\\/kontakt\\\/#breadcrumb\",\"itemListElement\":[{\"@type\":\"ListItem\",\"position\":1,\"name\":\"Home\",\"item\":\"https:\\\/\\\/culturesconnection.com\\\/de\\\/\"},{\"@type\":\"ListItem\",\"position\":2,\"name\":\"KONTAKTIEREN SIE UNS\"}]},{\"@type\":\"WebSite\",\"@id\":\"https:\\\/\\\/culturesconnection.com\\\/fr\\\/#website\",\"url\":\"https:\\\/\\\/culturesconnection.com\\\/fr\\\/\",\"name\":\"Cultures Connection\",\"description\":\"Cultures Connection is a translation agency dedicated to the success of its international clients.\",\"publisher\":{\"@id\":\"https:\\\/\\\/culturesconnection.com\\\/fr\\\/#organization\"},\"potentialAction\":[{\"@type\":\"SearchAction\",\"target\":{\"@type\":\"EntryPoint\",\"urlTemplate\":\"https:\\\/\\\/culturesconnection.com\\\/fr\\\/?s={search_term_string}\"},\"query-input\":{\"@type\":\"PropertyValueSpecification\",\"valueRequired\":true,\"valueName\":\"search_term_string\"}}],\"inLanguage\":\"de-DE\"},{\"@type\":\"Organization\",\"@id\":\"https:\\\/\\\/culturesconnection.com\\\/fr\\\/#organization\",\"name\":\"Cultures Connection\",\"url\":\"https:\\\/\\\/culturesconnection.com\\\/fr\\\/\",\"logo\":{\"@type\":\"ImageObject\",\"inLanguage\":\"de-DE\",\"@id\":\"https:\\\/\\\/culturesconnection.com\\\/fr\\\/#\\\/schema\\\/logo\\\/image\\\/\",\"url\":\"https:\\\/\\\/culturesconnection.com\\\/wp-content\\\/uploads\\\/2022\\\/06\\\/cropped-favicon512x512.png\",\"contentUrl\":\"https:\\\/\\\/culturesconnection.com\\\/wp-content\\\/uploads\\\/2022\\\/06\\\/cropped-favicon512x512.png\",\"width\":512,\"height\":512,\"caption\":\"Cultures Connection\"},\"image\":{\"@id\":\"https:\\\/\\\/culturesconnection.com\\\/fr\\\/#\\\/schema\\\/logo\\\/image\\\/\"},\"sameAs\":[\"https:\\\/\\\/www.facebook.com\\\/CulturesConnection\",\"https:\\\/\\\/x.com\\\/CulturesCo_\"]}]}<\/script>\n<!-- \/ Yoast SEO Premium plugin. -->","yoast_head_json":{"title":"Kontakt f\u00fcr \u00dcbersetzungen | \u00dcbersetzungsb\u00fcro","description":"Das \u00dcbersetzungsb\u00fcro mit den besten L\u00f6sungen.","robots":{"index":"index","follow":"follow","max-snippet":"max-snippet:-1","max-image-preview":"max-image-preview:large","max-video-preview":"max-video-preview:-1"},"canonical":"https:\/\/culturesconnection.com\/de\/kontakt\/","og_locale":"de_DE","og_type":"article","og_title":"KONTAKTIEREN SIE UNS","og_description":"Das \u00dcbersetzungsb\u00fcro mit den besten L\u00f6sungen.","og_url":"https:\/\/culturesconnection.com\/de\/kontakt\/","og_site_name":"Cultures Connection","article_publisher":"https:\/\/www.facebook.com\/CulturesConnection","article_modified_time":"2022-06-17T18:56:03+00:00","og_image":[{"width":1654,"height":1169,"url":"https:\/\/culturesconnection.com\/wp-content\/uploads\/2022\/07\/brochure2022.webp","type":"image\/webp"}],"twitter_card":"summary_large_image","twitter_site":"@CulturesCo_","schema":{"@context":"https:\/\/schema.org","@graph":[{"@type":"WebPage","@id":"https:\/\/culturesconnection.com\/de\/kontakt\/","url":"https:\/\/culturesconnection.com\/de\/kontakt\/","name":"Kontakt f\u00fcr \u00dcbersetzungen | \u00dcbersetzungsb\u00fcro","isPartOf":{"@id":"https:\/\/culturesconnection.com\/fr\/#website"},"datePublished":"2019-09-12T10:10:57+00:00","dateModified":"2022-06-17T18:56:03+00:00","description":"Das \u00dcbersetzungsb\u00fcro mit den besten L\u00f6sungen.","breadcrumb":{"@id":"https:\/\/culturesconnection.com\/de\/kontakt\/#breadcrumb"},"inLanguage":"de-DE","potentialAction":[{"@type":"ReadAction","target":["https:\/\/culturesconnection.com\/de\/kontakt\/"]}]},{"@type":"BreadcrumbList","@id":"https:\/\/culturesconnection.com\/de\/kontakt\/#breadcrumb","itemListElement":[{"@type":"ListItem","position":1,"name":"Home","item":"https:\/\/culturesconnection.com\/de\/"},{"@type":"ListItem","position":2,"name":"KONTAKTIEREN SIE UNS"}]},{"@type":"WebSite","@id":"https:\/\/culturesconnection.com\/fr\/#website","url":"https:\/\/culturesconnection.com\/fr\/","name":"Cultures Connection","description":"Cultures Connection is a translation agency dedicated to the success of its international clients.","publisher":{"@id":"https:\/\/culturesconnection.com\/fr\/#organization"},"potentialAction":[{"@type":"SearchAction","target":{"@type":"EntryPoint","urlTemplate":"https:\/\/culturesconnection.com\/fr\/?s={search_term_string}"},"query-input":{"@type":"PropertyValueSpecification","valueRequired":true,"valueName":"search_term_string"}}],"inLanguage":"de-DE"},{"@type":"Organization","@id":"https:\/\/culturesconnection.com\/fr\/#organization","name":"Cultures Connection","url":"https:\/\/culturesconnection.com\/fr\/","logo":{"@type":"ImageObject","inLanguage":"de-DE","@id":"https:\/\/culturesconnection.com\/fr\/#\/schema\/logo\/image\/","url":"https:\/\/culturesconnection.com\/wp-content\/uploads\/2022\/06\/cropped-favicon512x512.png","contentUrl":"https:\/\/culturesconnection.com\/wp-content\/uploads\/2022\/06\/cropped-favicon512x512.png","width":512,"height":512,"caption":"Cultures Connection"},"image":{"@id":"https:\/\/culturesconnection.com\/fr\/#\/schema\/logo\/image\/"},"sameAs":["https:\/\/www.facebook.com\/CulturesConnection","https:\/\/x.com\/CulturesCo_"]}]}},"_links":{"self":[{"href":"https:\/\/culturesconnection.com\/de\/wp-json\/wp\/v2\/pages\/15033","targetHints":{"allow":["GET"]}}],"collection":[{"href":"https:\/\/culturesconnection.com\/de\/wp-json\/wp\/v2\/pages"}],"about":[{"href":"https:\/\/culturesconnection.com\/de\/wp-json\/wp\/v2\/types\/page"}],"author":[{"embeddable":true,"href":"https:\/\/culturesconnection.com\/de\/wp-json\/wp\/v2\/users\/22"}],"replies":[{"embeddable":true,"href":"https:\/\/culturesconnection.com\/de\/wp-json\/wp\/v2\/comments?post=15033"}],"version-history":[{"count":0,"href":"https:\/\/culturesconnection.com\/de\/wp-json\/wp\/v2\/pages\/15033\/revisions"}],"wp:attachment":[{"href":"https:\/\/culturesconnection.com\/de\/wp-json\/wp\/v2\/media?parent=15033"}],"curies":[{"name":"wp","href":"https:\/\/api.w.org\/{rel}","templated":true}]}}